{"id":116,"date":"2017-09-28T14:34:19","date_gmt":"2017-09-28T13:34:19","guid":{"rendered":"http:\/\/www.topokna.pl\/?page_id=116"},"modified":"2018-07-17T14:36:33","modified_gmt":"2018-07-17T13:36:33","slug":"drzwi","status":"publish","type":"page","link":"https:\/\/www.topokna.pl\/?page_id=116","title":{"rendered":"Drzwi"},"content":{"rendered":"<ul>\n<li>\n\t\t<span style=\"font-family:georgia,serif;\"><span style=\"font-size:22px;\"><a href=\"http:\/\/www.topokna.pl\/?page_id=135\">Drzwi wewn\u0119trzne<\/a><\/span><\/span>\n\t<\/li>\n<li>\n\t\t<a href=\"http:\/\/www.topokna.pl\/?page_id=455\"><span style=\"font-family:georgia,serif;\"><span style=\"font-size:22px;\">Drzwi wewn\u0119trzne drewniane<\/span><\/span><\/a>\n\t<\/li>\n<li>\n\t\t<span style=\"font-family:georgia,serif;\"><span style=\"font-size:22px;\">Drzwi zewn\u0119trzne GERDA<\/span><\/span>\n\t<\/li>\n<li>\n\t\t<span style=\"font-family:georgia,serif;\"><span style=\"font-size:22px;\">Drzwi zewn\u0119trzne drewniane<\/span><\/span>\n\t<\/li>\n<\/ul>\n","protected":false},"excerpt":{"rendered":"<p>Drzwi wewn\u0119trzne Drzwi wewn\u0119trzne drewniane Drzwi zewn\u0119trzne GERDA Drzwi zewn\u0119trzne drewniane<\/p>\n","protected":false},"author":2,"featured_media":0,"parent":0,"menu_order":0,"comment_status":"closed","ping_status":"closed","template":"","meta":{"footnotes":""},"class_list":["post-116","page","type-page","status-publish","czr-hentry"],"_links":{"self":[{"href":"https:\/\/www.topokna.pl\/index.php?rest_route=\/wp\/v2\/pages\/116","targetHints":{"allow":["GET"]}}],"collection":[{"href":"https:\/\/www.topokna.pl\/index.php?rest_route=\/wp\/v2\/pages"}],"about":[{"href":"https:\/\/www.topokna.pl\/index.php?rest_route=\/wp\/v2\/types\/page"}],"author":[{"embeddable":true,"href":"https:\/\/www.topokna.pl\/index.php?rest_route=\/wp\/v2\/users\/2"}],"replies":[{"embeddable":true,"href":"https:\/\/www.topokna.pl\/index.php?rest_route=%2Fwp%2Fv2%2Fcomments&post=116"}],"version-history":[{"count":7,"href":"https:\/\/www.topokna.pl\/index.php?rest_route=\/wp\/v2\/pages\/116\/revisions"}],"predecessor-version":[{"id":457,"href":"https:\/\/www.topokna.pl\/index.php?rest_route=\/wp\/v2\/pages\/116\/revisions\/457"}],"wp:attachment":[{"href":"https:\/\/www.topokna.pl\/index.php?rest_route=%2Fwp%2Fv2%2Fmedia&parent=116"}],"curies":[{"name":"wp","href":"https:\/\/api.w.org\/{rel}","templated":true}]}}