{"id":110,"date":"2017-09-28T13:57:33","date_gmt":"2017-09-28T12:57:33","guid":{"rendered":"http:\/\/www.topokna.pl\/?page_id=110"},"modified":"2017-10-04T13:33:12","modified_gmt":"2017-10-04T12:33:12","slug":"oferta","status":"publish","type":"page","link":"https:\/\/www.topokna.pl\/?page_id=110","title":{"rendered":"Oferta"},"content":{"rendered":"<ul>\n<li>\n\t\t<span style=\"font-family:georgia,serif;\"><span style=\"font-size:24px;\"><a href=\"http:\/\/www.topokna.pl\/?page_id=113&amp;preview=true\"><span style=\"color:#696969;\">Okna<\/span><\/a><\/span><\/span>\n\t<\/li>\n<li>\n\t\t<span style=\"font-family:georgia,serif;\"><span style=\"font-size:24px;\"><a href=\"http:\/\/www.topokna.pl\/?page_id=116&amp;preview=true\"><span style=\"color:#696969;\">Drzwi<\/span><\/a><\/span><\/span>\n\t<\/li>\n<li>\n\t\t<span style=\"font-family:georgia,serif;\"><span style=\"font-size:24px;\"><a href=\"http:\/\/www.topokna.pl\/?page_id=119&amp;preview=true\"><span style=\"color:#696969;\">Rolety zewn\u0119trzne<\/span><\/a><\/span><\/span>\n\t<\/li>\n<li>\n\t\t<span style=\"font-family:georgia,serif;\"><a href=\"http:\/\/www.topokna.pl\/?page_id=121\"><span style=\"font-size:24px;\"><span style=\"color:#696969;\">Os\u0142ony wewn\u0119trzne<\/span><\/span><\/a><\/span>\n\t<\/li>\n<li>\n\t\t<span style=\"font-family:georgia,serif;\"><span style=\"font-size:24px;\"><a href=\"http:\/\/www.topokna.pl\/?page_id=123&amp;preview=true\"><span style=\"color:#696969;\">Bramy gara\u017cowe<\/span><\/a><\/span><\/span>\n\t<\/li>\n<li>\n\t\t<span style=\"font-family:georgia,serif;\"><span style=\"font-size:24px;\"><a href=\"http:\/\/www.topokna.pl\/?page_id=146\"><span style=\"color:#696969;\">Parapety<\/span><\/a><\/span><\/span>\n\t<\/li>\n<\/ul>\n","protected":false},"excerpt":{"rendered":"<p>Okna Drzwi Rolety zewn\u0119trzne Os\u0142ony wewn\u0119trzne Bramy gara\u017cowe Parapety<\/p>\n","protected":false},"author":2,"featured_media":0,"parent":0,"menu_order":0,"comment_status":"closed","ping_status":"closed","template":"","meta":{"footnotes":""},"class_list":["post-110","page","type-page","status-publish","czr-hentry"],"_links":{"self":[{"href":"https:\/\/www.topokna.pl\/index.php?rest_route=\/wp\/v2\/pages\/110","targetHints":{"allow":["GET"]}}],"collection":[{"href":"https:\/\/www.topokna.pl\/index.php?rest_route=\/wp\/v2\/pages"}],"about":[{"href":"https:\/\/www.topokna.pl\/index.php?rest_route=\/wp\/v2\/types\/page"}],"author":[{"embeddable":true,"href":"https:\/\/www.topokna.pl\/index.php?rest_route=\/wp\/v2\/users\/2"}],"replies":[{"embeddable":true,"href":"https:\/\/www.topokna.pl\/index.php?rest_route=%2Fwp%2Fv2%2Fcomments&post=110"}],"version-history":[{"count":20,"href":"https:\/\/www.topokna.pl\/index.php?rest_route=\/wp\/v2\/pages\/110\/revisions"}],"predecessor-version":[{"id":370,"href":"https:\/\/www.topokna.pl\/index.php?rest_route=\/wp\/v2\/pages\/110\/revisions\/370"}],"wp:attachment":[{"href":"https:\/\/www.topokna.pl\/index.php?rest_route=%2Fwp%2Fv2%2Fmedia&parent=110"}],"curies":[{"name":"wp","href":"https:\/\/api.w.org\/{rel}","templated":true}]}}